{"id":854,"date":"2025-09-25T15:37:26","date_gmt":"2025-09-25T06:37:26","guid":{"rendered":"http:\/\/test.hacostadium.com\/ikebukuro\/wp\/?page_id=854"},"modified":"2025-11-04T09:46:54","modified_gmt":"2025-11-04T00:46:54","slug":"contact","status":"publish","type":"page","link":"https:\/\/hacostadium.com\/ikebukuro\/contact\/","title":{"rendered":"\u304a\u554f\u3044\u5408\u308f\u305b"},"content":{"rendered":"\n<p><strong>\u3053\u3061\u3089\u306f\u30b3\u30bb\u30c3\u30c8\u6c60\u888b\u306e\u3054\u5229\u7528\u306b\u95a2\u3057\u3066\u306e\u304a\u554f\u3044\u5408\u308f\u305b\u30d5\u30a9\u30fc\u30e0\u3068\u306a\u308a\u307e\u3059\u3002<br>\u30c1\u30b1\u30c3\u30c8\u306b\u95a2\u3059\u308b\u304a\u554f\u3044\u5408\u308f\u305b\u306f<a href=\"https:\/\/ticket.hacostadium.com\/contact\/\" target=\"_blank\" rel=\"noopener\" title=\"\">\u30c1\u30b1\u30c3\u30c8\u30bb\u30f3\u30bf\u30fc\u304a\u554f\u3044\u5408\u308f\u305b\u30d5\u30a9\u30fc\u30e0<\/a>\u3088\u308a\u304a\u9858\u3044\u305f\u3057\u307e\u3059\u3002<\/strong><\/p>\n\n\n\n<p><a href=\"http:\/\/hacostadium.com\/ikebukuro\/wp\/faq\/\" data-type=\"page\" data-id=\"175\">\u300c\u3088\u304f\u3042\u308b\u8cea\u554f\u30da\u30fc\u30b8\u300d<\/a>\u3092\u63b2\u8f09\u3057\u3066\u304a\u308a\u307e\u3059\u306e\u3067\u304a\u554f\u3044\u5408\u308f\u305b\u306e\u524d\u306b\u3054\u78ba\u8a8d\u304f\u3060\u3055\u3044\u3002<br>\u5fc5\u8981\u4e8b\u9805\u3092\u8a18\u5165\u306e\u4e0a\u3001\u3010\u9001\u4fe1\u3011\u30dc\u30bf\u30f3\u3092\u62bc\u3057\u3066\u304f\u3060\u3055\u3044\u3002<\/p>\n\n\n\n<p>\u78ba\u8a8d\u3067\u304d\u6b21\u7b2c\u3053\u3061\u3089\u3088\u308a\u30e1\u30fc\u30eb\u306b\u3066\u3054\u9023\u7d61\u3055\u305b\u3066\u3044\u305f\u3060\u304d\u307e\u3059\u3002<br>\u539f\u5247\u3068\u3057\u3066\uff12\u55b6\u696d\u65e5\u4ee5\u5185\u306b\u304a\u8fd4\u4e8b\u3092\u3055\u305b\u3066\u3044\u305f\u3060\u304d\u307e\u3059\u3002<br>\u4e07\u304c\u4e00\u5c4a\u304b\u306a\u3044\u5834\u5408\u3001\u30e1\u30fc\u30eb\u4e0a\u306e\u30c8\u30e9\u30d6\u30eb\u306e\u53ef\u80fd\u6027\u3082\u3042\u308a\u307e\u3059\u306e\u3067\u3001\u304a\u624b\u6570\u3067\u3059\u304c\u518d\u5ea6\u30e1\u30fc\u30eb\u3001\u307e\u305f\u306f\u304a\u96fb\u8a71\u306b\u3066\u3054\u9023\u7d61\u3092\u3044\u305f\u3060\u304d\u307e\u3059\u3088\u3046\u304a\u9858\u3044\u7533\u3057\u4e0a\u3052\u307e\u3059\u3002<\/p>\n\n\n\n<p>\u8cb8\u5207\u30d7\u30e9\u30f3\u306e\u30ad\u30e3\u30f3\u30bb\u30eb\u306b\u3064\u3044\u3066\u306f\u30e1\u30c3\u30bb\u30fc\u30b8\u672c\u6587\u306b\u4e88\u7d04\u65e5\u3092\u3054\u8a18\u5165\u304f\u3060\u3055\u3044\u3002<br>\u203b\u304a\u7533\u3057\u8fbc\u307f\u306e\u53d7\u4ed8\u6642\u9593\u306f19:00\u307e\u3067\u3068\u306a\u308a\u307e\u3059\u300219:00\u4ee5\u964d\u306f\u7fcc\u65e5\u6271\u3044\u306b\u306a\u308a\u307e\u3059\u3002<\/p>\n\n\n\n<div class=\"wp-block-contact-form-7-contact-form-selector\">\n<div class=\"wpcf7 no-js\" id=\"wpcf7-f853-o1\" lang=\"ja\" dir=\"ltr\" data-wpcf7-id=\"853\">\n<div class=\"screen-reader-response\"><p role=\"status\" aria-live=\"polite\" aria-atomic=\"true\"><\/p> <ul><\/ul><\/div>\n<form action=\"\/ikebukuro\/wp-json\/wp\/v2\/pages\/854#wpcf7-f853-o1\" method=\"post\" class=\"wpcf7-form init\" aria-label=\"\u30b3\u30f3\u30bf\u30af\u30c8\u30d5\u30a9\u30fc\u30e0\" novalidate=\"novalidate\" data-status=\"init\">\n<fieldset class=\"hidden-fields-container\"><input type=\"hidden\" name=\"_wpcf7\" value=\"853\" \/><input type=\"hidden\" name=\"_wpcf7_version\" value=\"6.1.1\" \/><input type=\"hidden\" name=\"_wpcf7_locale\" value=\"ja\" \/><input type=\"hidden\" name=\"_wpcf7_unit_tag\" value=\"wpcf7-f853-o1\" \/><input type=\"hidden\" name=\"_wpcf7_container_post\" value=\"0\" \/><input type=\"hidden\" name=\"_wpcf7_posted_data_hash\" value=\"\" \/><input type=\"hidden\" name=\"_wpcf7_recaptcha_response\" value=\"\" \/>\n<\/fieldset>\n<div class=\"form-inner\">\n<table class=\"CF7_table\">\n\n    <tr>\n        <th>\u304a\u554f\u3044\u5408\u305b\u5185\u5bb9<span class=\"CF7_req\">\u5fc5\u9808<\/span><\/th>\n        <td><span class=\"wpcf7-form-control-wrap\" data-name=\"menu-362\"><select class=\"wpcf7-form-control wpcf7-select\" aria-invalid=\"false\" name=\"menu-362\"><option value=\"\u9078\u629e\u3057\u3066\u304f\u3060\u3055\u3044\">\u9078\u629e\u3057\u3066\u304f\u3060\u3055\u3044<\/option><option value=\"\u30b3\u30bb\u30c3\u30c8\u6c60\u888b\uff1a\u5229\u7528\u306b\u3064\u3044\u3066\">\u30b3\u30bb\u30c3\u30c8\u6c60\u888b\uff1a\u5229\u7528\u306b\u3064\u3044\u3066<\/option><option value=\"\u30b3\u30bb\u30c3\u30c8\u6c60\u888b\uff1a\u8cb8\u5207\u30d7\u30e9\u30f3\u306e\u30ad\u30e3\u30f3\u30bb\u30eb\u3001\u5546\u7528\u5229\u7528\u306b\u3064\u3044\u3066\">\u30b3\u30bb\u30c3\u30c8\u6c60\u888b\uff1a\u8cb8\u5207\u30d7\u30e9\u30f3\u306e\u30ad\u30e3\u30f3\u30bb\u30eb\u3001\u5546\u7528\u5229\u7528\u306b\u3064\u3044\u3066<\/option><option value=\"\u30b3\u30bb\u30c3\u30c8\u6c60\u888b\uff1a\u305d\u306e\u4ed6\">\u30b3\u30bb\u30c3\u30c8\u6c60\u888b\uff1a\u305d\u306e\u4ed6<\/option><\/select><\/span> <\/td>\n    <\/tr>\n    <tr>\n        <th>\u304a\u540d\u524d<span class=\"CF7_req\">\u5fc5\u9808<\/span><\/th>\n        <td><span class=\"wpcf7-form-control-wrap\" data-name=\"your-name\"><input size=\"40\" maxlength=\"400\" class=\"wpcf7-form-control wpcf7-text wpcf7-validates-as-required\" aria-required=\"true\" aria-invalid=\"false\" placeholder=\"\" value=\"\" type=\"text\" name=\"your-name\" \/><\/span> <\/td>\n    <\/tr>\n    <tr>\n        <th>\u30e1\u30fc\u30eb\u30a2\u30c9\u30ec\u30b9<span class=\"CF7_req\">\u5fc5\u9808<\/span><\/th>\n        <td><span class=\"wpcf7-form-control-wrap\" data-name=\"your-email\"><input size=\"40\" maxlength=\"400\" class=\"wpcf7-form-control wpcf7-email wpcf7-validates-as-required wpcf7-text wpcf7-validates-as-email\" aria-required=\"true\" aria-invalid=\"false\" placeholder=\"\u4f8b\uff1a\u00d7\u00d7\u00d7@\u00d7\u00d7\u00d7.com\" value=\"\" type=\"email\" name=\"your-email\" \/><\/span>\n            <span>\u3053\u3061\u3089\u306e\u30a2\u30c9\u30ec\u30b9\u306b\u62c5\u5f53\u8005\u304b\u3089\u30e1\u30fc\u30eb\u3092\u9001\u3089\u305b\u3066\u9802\u304d\u307e\u3059\u3002<br>Yahoo\u30e1\u30fc\u30eb\u306e\u5834\u5408\u3001\u8ff7\u60d1\u30d5\u30a9\u30eb\u30c0\u306b\u5165\u308b\u5834\u5408\u304c\u3042\u308a\u307e\u3059\u306e\u3067\u3054\u6ce8\u610f\u304f\u3060\u3055\u3044\u3002<\/span>\n        <\/td>\n    <\/tr>\n    <tr>\n        <th>\u9023\u7d61\u53ef\u80fd\u306a\u96fb\u8a71\u756a\u53f7<span class=\"CF7_req\">\u5fc5\u9808<\/span><\/th>\n        <td><span class=\"wpcf7-form-control-wrap\" data-name=\"your-tel\"><input size=\"40\" maxlength=\"400\" class=\"wpcf7-form-control wpcf7-text\" aria-invalid=\"false\" placeholder=\"\u4f8b\uff1a03-1234-5678\" value=\"\" type=\"text\" name=\"your-tel\" \/><\/span><\/td>\n    <\/tr>\n    <tr>\n        <th>\u4f1a\u793e\u540d<span class=\"CF7_unreq\">\u4efb\u610f<\/span><\/th>\n        <td><span class=\"wpcf7-form-control-wrap\" data-name=\"your-company\"><input size=\"40\" maxlength=\"400\" class=\"wpcf7-form-control wpcf7-text\" aria-invalid=\"false\" placeholder=\"\" value=\"\" type=\"text\" name=\"your-company\" \/><\/span><\/td>\n    <\/tr>\n    <tr>\n        <th>\u5f79\u8077<span class=\"CF7_unreq\">\u4efb\u610f<\/span><\/th>\n        <td><span class=\"wpcf7-form-control-wrap\" data-name=\"your-post\"><input size=\"40\" maxlength=\"400\" class=\"wpcf7-form-control wpcf7-text\" aria-invalid=\"false\" placeholder=\"\" value=\"\" type=\"text\" name=\"your-post\" \/><\/span><\/td>\n    <\/tr>\n\n    <tr>\n        <th>\u30e1\u30c3\u30bb\u30fc\u30b8\u672c\u6587<span class=\"CF7_req\">\u5fc5\u9808<\/span><\/th>\n        <td class=\"message-100\"><span class=\"wpcf7-form-control-wrap\" data-name=\"your-message\"><textarea cols=\"40\" rows=\"10\" maxlength=\"2000\" class=\"wpcf7-form-control wpcf7-textarea wpcf7-validates-as-required\" aria-required=\"true\" aria-invalid=\"false\" placeholder=\"\u304a\u554f\u3044\u5408\u308f\u305b\u5185\u5bb9\u3092\u3054\u8a18\u5165\u304f\u3060\u3055\u3044\" name=\"your-message\"><\/textarea><\/span><\/td>\n    <\/tr>\n\n<\/table>\n<div class=\"form__row row-privacy\">\n    <p class=\"form__body\"><span class=\"wpcf7-form-control-wrap\" data-name=\"acceptance\"><span class=\"wpcf7-form-control wpcf7-acceptance\"><span class=\"wpcf7-list-item\"><label><input type=\"checkbox\" name=\"acceptance\" value=\"1\" aria-invalid=\"false\" \/><span class=\"wpcf7-list-item-label\"><a href=\"https:\/\/ticket.hacostadium.com\/help\/privacy\" target=\"_blank\" rel=\"noopener noreferrer\" class=\"topolicy\">\u30d7\u30e9\u30a4\u30d0\u30b7\u30fc\u30dd\u30ea\u30b7\u30fc<\/a>\u306b\u540c\u610f\u3059\u308b<\/span><\/label><\/span><\/span><\/span><\/p>\n  <\/div>\n<p class=\"btn_23\">\n<input class=\"wpcf7-form-control wpcf7-submit has-spinner\" type=\"submit\" value=\"\u9001\u4fe1\" \/>\n<\/p>\n\n<\/div>\n<div class=\"comp\">\n\n<\/div><div class=\"wpcf7-response-output\" aria-hidden=\"true\"><\/div>\n<\/form>\n<\/div>\n<\/div>\n","protected":false},"excerpt":{"rendered":"<p>\u3053\u3061\u3089\u306f\u30b3\u30bb\u30c3\u30c8\u6c60\u888b\u306e\u3054\u5229\u7528\u306b\u95a2\u3057\u3066\u306e\u304a\u554f\u3044\u5408\u308f\u305b\u30d5\u30a9\u30fc\u30e0\u3068\u306a\u308a\u307e\u3059\u3002\u30c1\u30b1\u30c3\u30c8\u306b\u95a2\u3059\u308b\u304a\u554f\u3044\u5408\u308f\u305b\u306f\u30c1\u30b1\u30c3\u30c8\u30bb\u30f3\u30bf\u30fc\u304a\u554f\u3044\u5408\u308f\u305b\u30d5\u30a9\u30fc\u30e0\u3088\u308a\u304a\u9858\u3044\u305f\u3057\u307e\u3059\u3002 \u300c\u3088\u304f\u3042\u308b\u8cea\u554f\u30da\u30fc\u30b8\u300d\u3092\u63b2\u8f09\u3057\u3066\u304a\u308a\u307e\u3059\u306e\u3067\u304a\u554f\u3044\u5408\u308f\u305b\u306e\u524d\u306b [&hellip;]<\/p>\n","protected":false},"author":2,"featured_media":0,"parent":0,"menu_order":0,"comment_status":"closed","ping_status":"closed","template":"","meta":{"_acf_changed":false,"footnotes":""},"class_list":["post-854","page","type-page","status-publish","hentry"],"acf":[],"aioseo_notices":[],"_links":{"self":[{"href":"https:\/\/hacostadium.com\/ikebukuro\/wp-json\/wp\/v2\/pages\/854","targetHints":{"allow":["GET"]}}],"collection":[{"href":"https:\/\/hacostadium.com\/ikebukuro\/wp-json\/wp\/v2\/pages"}],"about":[{"href":"https:\/\/hacostadium.com\/ikebukuro\/wp-json\/wp\/v2\/types\/page"}],"author":[{"embeddable":true,"href":"https:\/\/hacostadium.com\/ikebukuro\/wp-json\/wp\/v2\/users\/2"}],"replies":[{"embeddable":true,"href":"https:\/\/hacostadium.com\/ikebukuro\/wp-json\/wp\/v2\/comments?post=854"}],"version-history":[{"count":3,"href":"https:\/\/hacostadium.com\/ikebukuro\/wp-json\/wp\/v2\/pages\/854\/revisions"}],"predecessor-version":[{"id":2114,"href":"https:\/\/hacostadium.com\/ikebukuro\/wp-json\/wp\/v2\/pages\/854\/revisions\/2114"}],"wp:attachment":[{"href":"https:\/\/hacostadium.com\/ikebukuro\/wp-json\/wp\/v2\/media?parent=854"}],"curies":[{"name":"wp","href":"https:\/\/api.w.org\/{rel}","templated":true}]}}